{"id":186,"date":"2019-05-14T20:12:51","date_gmt":"2019-05-14T20:12:51","guid":{"rendered":"http:\/\/vom-heidesand.de\/?page_id=186"},"modified":"2019-05-14T20:12:51","modified_gmt":"2019-05-14T20:12:51","slug":"einige-grundlegende-dinge-sind-uns-wichtig","status":"publish","type":"page","link":"https:\/\/vom-heidesand.de\/?page_id=186","title":{"rendered":"Einige grundlegende Dinge sind uns wichtig"},"content":{"rendered":"\n<h2 class=\"wp-block-heading\"><strong>Einige grundlegende Dinge sind uns wichtig<\/strong><\/h2>\n\n\n\n<p>Wir geben unsere Welpen nur nach einem pers\u00f6nlichen Kennenlernen ab! Ab der vierten Lebenswoche k\u00f6nnen Sie uns gerne, nach Absprache, besuchen, um uns und die Kleinen kennen zu lernen.  Ab der sechsten Lebenswoche zeigen die Welpen schon einen Teil ihrer sp\u00e4teren Pers\u00f6nlichkeit und wir k\u00f6nnen gemeinsam mit Ihnen den Hund finden, der am Besten zu Ihnen passt. <\/p>\n\n\n\n<p>Der Dackel an sich ist ein Jagdhund und wurde f\u00fcr die Jagd unter der Erde auf F\u00fcchse und auch Dachse gez\u00fcchtet. Wir f\u00fchren unsere Hunde jagdlich, daher werden wir die Welpen bevorzugt in Familien mit jagdlichem Hintergrund abgegeben. Wenn Sie keine jagdlichen Ambitionen haben stellt dies kein Hindernis dar, nur muss ihr zuk\u00fcnftiger Gef\u00e4hrte sich anderweitig einbringen k\u00f6nnen. Da Dackel f\u00fcr ihre feinen Sp\u00fcrnasen bekannt sind, bietet sich beispielsweise auch Mantrailing an. Dackel werden auch zunehmend bei Agility und Obedience eingesetzt. Man sollte jedoch immer darauf achten, den Bewegungsapparat des Hundes nicht \u00fcberzustrapazieren. <\/p>\n\n\n\n<p>Wir w\u00fcnschen uns f\u00fcr unsere Hunde Menschen, die gerne drau\u00dfen in der Natur sind, denn da halten sich die Dackel erfahrungsgem\u00e4\u00df am liebsten auf.<\/p>\n\n\n\n<h2 class=\"wp-block-heading\"><strong>Wenn Sie Ihren Welpen mit nach Hause nehmen<\/strong><\/h2>\n\n\n\n<p>Ist der oder die Kleine:<\/p>\n\n\n\n<ul class=\"wp-block-list\"><li><strong>Entwurmt<\/strong>: Mindestens 4x je im Abstand von 2 Wochen<\/li><li><strong>Geimpft und gechippt<\/strong>: die Welpen werden im Alter von 8 Wochen gegen Staupe, Hepatitis, Parvovirose und Leptospirose geimpft, diese Impfungen werden in den EU-Heimtierausweis eingetragen. Ebenso wird jeder Hund mit einem Mikrochip unter der Haut versehen, der eine individuelle Nummer besitzt. Diese wird ebenfalls in den EU-Heimtierausweis eingetragen.<\/li><li><strong>Tier\u00e4rztlich gecheckt<\/strong>: als Tier\u00e4rzte haben wir die Entwicklung unserer Welpen immer genau im Blick. Neben selbst vorgenommenen Untersuchungen werden die Kleinen selbstverst\u00e4ndlich vor der Impfung von einem erfahrenen Kollegen gr\u00fcndlich durchgecheckt<\/li><li><strong>Osteopathisch behandelt<\/strong>: Raphaela ist ausgebildete tier\u00e4rztliche Osteopathin in eigener Praxis. Die Welpen werden in ihrer Zeit bei uns regelm\u00e4\u00dfig osteopathisch untersucht und bei Bedarf behandelt<\/li><li><strong>Vom einem Zuchtwart des DTK abgenommen<\/strong>: Im Alter von 8 Wochen wird der komplette Wurf vom Zuchtwart unserer DTK-Gruppe abgenommen. In Folge dessen werden DNA-Proben genommen und die Welpen werden ins Zuchtbuch des Vereins aufgenommen <\/li><li><strong>Gepr\u00e4gt und sozialisiert<\/strong>: Unsere Welpen lernen in ihrer Zeit bei uns viele Dinge kennen. Wir zeigen Ihnen das Autofahren, gehen bei entsprechendem Wetter an einen flachen Teich, um ihnen den ersten Kontakt zum Wasser zu geben. Des Weiteren haben die Hunde Kontakt zu kleinen und gro\u00dfen Hunden und Menschen. Entsprechendes Spielzeug im Welpenauslauf f\u00f6rdert die Motorik der kleinen Dackel. Auf Wunsch k\u00f6nnen wir Ihren Welpen auch jagdlich vorpr\u00e4gen. <\/li><\/ul>\n","protected":false},"excerpt":{"rendered":"<p>Einige grundlegende Dinge sind uns wichtig Wir geben unsere Welpen nur nach einem pers\u00f6nlichen Kennenlernen ab! Ab der vierten Lebenswoche k\u00f6nnen Sie uns gerne, nach Absprache, besuchen, um uns und die Kleinen kennen zu lernen. Ab der sechsten Lebenswoche zeigen die Welpen schon einen Teil ihrer sp\u00e4teren Pers\u00f6nlichkeit und wir k\u00f6nnen gemeinsam mit Ihnen den &hellip; <\/p>\n<p class=\"link-more\"><a href=\"https:\/\/vom-heidesand.de\/?page_id=186\" class=\"more-link\"><span class=\"screen-reader-text\">\u201eEinige grundlegende Dinge sind uns wichtig\u201c <\/span>weiterlesen<\/a><\/p>\n","protected":false},"author":1,"featured_media":0,"parent":0,"menu_order":0,"comment_status":"closed","ping_status":"closed","template":"","meta":{"footnotes":""},"class_list":["post-186","page","type-page","status-publish","hentry"],"_links":{"self":[{"href":"https:\/\/vom-heidesand.de\/index.php?rest_route=\/wp\/v2\/pages\/186","targetHints":{"allow":["GET"]}}],"collection":[{"href":"https:\/\/vom-heidesand.de\/index.php?rest_route=\/wp\/v2\/pages"}],"about":[{"href":"https:\/\/vom-heidesand.de\/index.php?rest_route=\/wp\/v2\/types\/page"}],"author":[{"embeddable":true,"href":"https:\/\/vom-heidesand.de\/index.php?rest_route=\/wp\/v2\/users\/1"}],"replies":[{"embeddable":true,"href":"https:\/\/vom-heidesand.de\/index.php?rest_route=%2Fwp%2Fv2%2Fcomments&post=186"}],"version-history":[{"count":1,"href":"https:\/\/vom-heidesand.de\/index.php?rest_route=\/wp\/v2\/pages\/186\/revisions"}],"predecessor-version":[{"id":187,"href":"https:\/\/vom-heidesand.de\/index.php?rest_route=\/wp\/v2\/pages\/186\/revisions\/187"}],"wp:attachment":[{"href":"https:\/\/vom-heidesand.de\/index.php?rest_route=%2Fwp%2Fv2%2Fmedia&parent=186"}],"curies":[{"name":"wp","href":"https:\/\/api.w.org\/{rel}","templated":true}]}}