{"id":117,"date":"2019-05-07T20:56:18","date_gmt":"2019-05-07T20:56:18","guid":{"rendered":"http:\/\/vom-heidesand.de\/?page_id=117"},"modified":"2021-01-05T11:47:52","modified_gmt":"2021-01-05T11:47:52","slug":"a-wurf","status":"publish","type":"page","link":"https:\/\/vom-heidesand.de\/?page_id=117","title":{"rendered":"A-Wurf"},"content":{"rendered":"\n<p class=\"has-text-align-center\">Hilde vom Sandwall x <a href=\"https:\/\/www.teckel-von-der-kybele.de\/hunter-von-bretano\/\" target=\"_blank\" rel=\"noreferrer noopener\" aria-label=\"Hunter von Bretano (\u00f6ffnet in neuem Tab)\">Hunter von Bretano<\/a> <\/p>\n\n\n\n<div class=\"wp-block-columns has-2-columns is-layout-flex wp-container-core-columns-is-layout-9d6595d7 wp-block-columns-is-layout-flex\">\n<div class=\"wp-block-column is-layout-flow wp-block-column-is-layout-flow\">\n<figure class=\"wp-block-image is-resized\"><img loading=\"lazy\" decoding=\"async\" src=\"http:\/\/vom-heidesand.de\/wp-content\/uploads\/2019\/06\/Raphaela-148-1024x694.jpg\" alt=\"\" class=\"wp-image-245\" width=\"274\" height=\"186\" srcset=\"https:\/\/vom-heidesand.de\/wp-content\/uploads\/2019\/06\/Raphaela-148-1024x694.jpg 1024w, https:\/\/vom-heidesand.de\/wp-content\/uploads\/2019\/06\/Raphaela-148-300x203.jpg 300w, https:\/\/vom-heidesand.de\/wp-content\/uploads\/2019\/06\/Raphaela-148-768x521.jpg 768w\" sizes=\"auto, (max-width: 274px) 100vw, 274px\" \/><figcaption><br>Foto: Alina Gattermann<\/figcaption><\/figure>\n<\/div>\n\n\n\n<div class=\"wp-block-column is-layout-flow wp-block-column-is-layout-flow\">\n<figure class=\"wp-block-image is-resized\"><img loading=\"lazy\" decoding=\"async\" src=\"http:\/\/vom-heidesand.de\/wp-content\/uploads\/2019\/05\/DSC_7498_k_b.jpg\" alt=\"\" class=\"wp-image-118\" width=\"246\" height=\"206\"\/><figcaption>Foto: Petra Spoerle Strohmenger <\/figcaption><\/figure>\n\n\n\n<p><\/p>\n<\/div>\n<\/div>\n\n\n\n<div class=\"wp-block-columns has-2-columns is-layout-flex wp-container-core-columns-is-layout-9d6595d7 wp-block-columns-is-layout-flex\">\n<div class=\"wp-block-column is-layout-flow wp-block-column-is-layout-flow\">\n<p><strong>Hilde vom Sandwall<\/strong> 15Z0415R\/Zw, dkl. sf. WT 10.08.2017, SchwhK, (V) 05.02.2017<\/p>\n<\/div>\n\n\n\n<div class=\"wp-block-column is-layout-flow wp-block-column-is-layout-flow\">\n<p>D-JCh 2013 LJS 2013 WUT-JCh 2013 D-Ch VDH 2014 GS 2015 A-Ch 2016 A-GCh 2018 BIH-Ch 2018 H-Ch 2018 WUT-Ch 2018 C.I.B. 2019 C.I.E. 2019 <strong>Hunter von Bretano<\/strong> 12Z0111R\/Zw, br. m. Abz., WT 25.01.2012, BHP-1 BHP-3 BhFK\/95 BhN(D) BhN(F) ESw PL-Int.BhFK SauN SchwhK SchwhN Sfk Sp St StiJ VpoSp Wa.T., GTB.44\/2015, (V) V K\u00f6V<\/p>\n<\/div>\n<\/div>\n\n\n\n<p class=\"has-text-align-center\"><strong>Decktag 06.04.2019<\/strong><\/p>\n\n\n\n<p>Wir danken Alexandra Wunsch-Momberger f\u00fcr das unserem Zwinger entgegengebrachte Vertrauen und freuen uns sehr, dass wir Hunter f\u00fcr unseren ersten Wurf einsetzen durften.<\/p>\n\n\n\n<p class=\"has-text-align-center\"><strong>Wurftag 07.06.2019 <\/strong><\/p>\n\n\n\n<div class=\"wp-block-image\"><figure class=\"aligncenter is-resized\"><img loading=\"lazy\" decoding=\"async\" src=\"http:\/\/vom-heidesand.de\/wp-content\/uploads\/2019\/06\/IMG-3386-1024x768.jpg\" alt=\"\" class=\"wp-image-252\" width=\"440\" height=\"330\" srcset=\"https:\/\/vom-heidesand.de\/wp-content\/uploads\/2019\/06\/IMG-3386-1024x768.jpg 1024w, https:\/\/vom-heidesand.de\/wp-content\/uploads\/2019\/06\/IMG-3386-300x225.jpg 300w, https:\/\/vom-heidesand.de\/wp-content\/uploads\/2019\/06\/IMG-3386-768x576.jpg 768w\" sizes=\"auto, (max-width: 440px) 100vw, 440px\" \/><\/figure><\/div>\n\n\n\n<p>Hilde hat am 07.06.2019 nach Kaiserschnitt f\u00fcnf muntere Welpen zur Welt gebracht. Es sind drei R\u00fcden in der Farbe schwarz-rot und eine H\u00fcndin ebenfalls in schwarz-rot, sowie eine H\u00fcndin in dunkel-saufarben. <\/p>\n\n\n\n<h2 class=\"wp-block-heading\">Anton &#8211; schwarz-rot<\/h2>\n\n\n\n<figure class=\"wp-block-image size-large\"><a href=\"http:\/\/vom-heidesand.de\/?page_id=274\"><img loading=\"lazy\" decoding=\"async\" width=\"1024\" height=\"692\" src=\"http:\/\/vom-heidesand.de\/wp-content\/uploads\/2021\/01\/Welpen-21-1024x692.jpg\" alt=\"\" class=\"wp-image-499\" srcset=\"https:\/\/vom-heidesand.de\/wp-content\/uploads\/2021\/01\/Welpen-21-1024x692.jpg 1024w, https:\/\/vom-heidesand.de\/wp-content\/uploads\/2021\/01\/Welpen-21-300x203.jpg 300w, https:\/\/vom-heidesand.de\/wp-content\/uploads\/2021\/01\/Welpen-21-768x519.jpg 768w, https:\/\/vom-heidesand.de\/wp-content\/uploads\/2021\/01\/Welpen-21-1536x1037.jpg 1536w, https:\/\/vom-heidesand.de\/wp-content\/uploads\/2021\/01\/Welpen-21-2048x1383.jpg 2048w\" sizes=\"auto, (max-width: 767px) 89vw, (max-width: 1000px) 54vw, (max-width: 1071px) 543px, 580px\" \/><\/a><\/figure>\n\n\n\n<h2 class=\"wp-block-heading\">Alfred &#8211; schwarz-rot<\/h2>\n\n\n\n<figure class=\"wp-block-image size-large\"><a href=\"http:\/\/vom-heidesand.de\/?page_id=281\"><img loading=\"lazy\" decoding=\"async\" width=\"1024\" height=\"688\" src=\"http:\/\/vom-heidesand.de\/wp-content\/uploads\/2021\/01\/Welpen-33-1024x688.jpg\" alt=\"\" class=\"wp-image-500\" srcset=\"https:\/\/vom-heidesand.de\/wp-content\/uploads\/2021\/01\/Welpen-33-1024x688.jpg 1024w, https:\/\/vom-heidesand.de\/wp-content\/uploads\/2021\/01\/Welpen-33-300x201.jpg 300w, https:\/\/vom-heidesand.de\/wp-content\/uploads\/2021\/01\/Welpen-33-768x516.jpg 768w, https:\/\/vom-heidesand.de\/wp-content\/uploads\/2021\/01\/Welpen-33-1536x1032.jpg 1536w, https:\/\/vom-heidesand.de\/wp-content\/uploads\/2021\/01\/Welpen-33-2048x1376.jpg 2048w\" sizes=\"auto, (max-width: 767px) 89vw, (max-width: 1000px) 54vw, (max-width: 1071px) 543px, 580px\" \/><\/a><\/figure>\n\n\n\n<h2 class=\"wp-block-heading\">Augustus-Brutus &#8211; schwarz-rot<\/h2>\n\n\n\n<figure class=\"wp-block-image size-large\"><a href=\"http:\/\/vom-heidesand.de\/?page_id=267\"><img loading=\"lazy\" decoding=\"async\" width=\"1024\" height=\"691\" src=\"http:\/\/vom-heidesand.de\/wp-content\/uploads\/2021\/01\/Welpen-95-1024x691.jpg\" alt=\"\" class=\"wp-image-502\" srcset=\"https:\/\/vom-heidesand.de\/wp-content\/uploads\/2021\/01\/Welpen-95-1024x691.jpg 1024w, https:\/\/vom-heidesand.de\/wp-content\/uploads\/2021\/01\/Welpen-95-300x203.jpg 300w, https:\/\/vom-heidesand.de\/wp-content\/uploads\/2021\/01\/Welpen-95-768x519.jpg 768w, https:\/\/vom-heidesand.de\/wp-content\/uploads\/2021\/01\/Welpen-95-1536x1037.jpg 1536w, https:\/\/vom-heidesand.de\/wp-content\/uploads\/2021\/01\/Welpen-95-2048x1383.jpg 2048w\" sizes=\"auto, (max-width: 767px) 89vw, (max-width: 1000px) 54vw, (max-width: 1071px) 543px, 580px\" \/><\/a><\/figure>\n\n\n\n<h2 class=\"wp-block-heading\">Adelheid &#8211; dunkel-saufarben<\/h2>\n\n\n\n<figure class=\"wp-block-image size-large\"><a href=\"http:\/\/vom-heidesand.de\/?page_id=289\"><img loading=\"lazy\" decoding=\"async\" width=\"1024\" height=\"714\" src=\"http:\/\/vom-heidesand.de\/wp-content\/uploads\/2021\/01\/Welpen-40-1024x714.jpg\" alt=\"\" class=\"wp-image-503\" srcset=\"https:\/\/vom-heidesand.de\/wp-content\/uploads\/2021\/01\/Welpen-40-1024x714.jpg 1024w, https:\/\/vom-heidesand.de\/wp-content\/uploads\/2021\/01\/Welpen-40-300x209.jpg 300w, https:\/\/vom-heidesand.de\/wp-content\/uploads\/2021\/01\/Welpen-40-768x536.jpg 768w, https:\/\/vom-heidesand.de\/wp-content\/uploads\/2021\/01\/Welpen-40-1536x1071.jpg 1536w, https:\/\/vom-heidesand.de\/wp-content\/uploads\/2021\/01\/Welpen-40-2048x1428.jpg 2048w\" sizes=\"auto, (max-width: 767px) 89vw, (max-width: 1000px) 54vw, (max-width: 1071px) 543px, 580px\" \/><\/a><\/figure>\n\n\n\n<h2 class=\"wp-block-heading\">Annegret &#8211; schwarz-rot<\/h2>\n\n\n\n<figure class=\"wp-block-image size-large\"><a href=\"http:\/\/vom-heidesand.de\/?page_id=297\"><img loading=\"lazy\" decoding=\"async\" width=\"1024\" height=\"710\" src=\"http:\/\/vom-heidesand.de\/wp-content\/uploads\/2021\/01\/Welpen-36-1024x710.jpg\" alt=\"\" class=\"wp-image-505\" srcset=\"https:\/\/vom-heidesand.de\/wp-content\/uploads\/2021\/01\/Welpen-36-1024x710.jpg 1024w, https:\/\/vom-heidesand.de\/wp-content\/uploads\/2021\/01\/Welpen-36-300x208.jpg 300w, https:\/\/vom-heidesand.de\/wp-content\/uploads\/2021\/01\/Welpen-36-768x532.jpg 768w, https:\/\/vom-heidesand.de\/wp-content\/uploads\/2021\/01\/Welpen-36-1536x1065.jpg 1536w, https:\/\/vom-heidesand.de\/wp-content\/uploads\/2021\/01\/Welpen-36-2048x1420.jpg 2048w\" sizes=\"auto, (max-width: 767px) 89vw, (max-width: 1000px) 54vw, (max-width: 1071px) 543px, 580px\" \/><\/a><\/figure>\n\n\n\n<p> <\/p>\n\n\n\n<p><\/p>\n","protected":false},"excerpt":{"rendered":"<p>Hilde vom Sandwall x Hunter von Bretano Hilde vom Sandwall 15Z0415R\/Zw, dkl. sf. WT 10.08.2017, SchwhK, (V) 05.02.2017 D-JCh 2013 LJS 2013 WUT-JCh 2013 D-Ch VDH 2014 GS 2015 A-Ch 2016 A-GCh 2018 BIH-Ch 2018 H-Ch 2018 WUT-Ch 2018 C.I.B. 2019 C.I.E. 2019 Hunter von Bretano 12Z0111R\/Zw, br. m. Abz., WT 25.01.2012, BHP-1 BHP-3 BhFK\/95 &hellip; <\/p>\n<p class=\"link-more\"><a href=\"https:\/\/vom-heidesand.de\/?page_id=117\" class=\"more-link\"><span class=\"screen-reader-text\">\u201eA-Wurf\u201c <\/span>weiterlesen<\/a><\/p>\n","protected":false},"author":1,"featured_media":0,"parent":0,"menu_order":0,"comment_status":"closed","ping_status":"closed","template":"","meta":{"footnotes":""},"class_list":["post-117","page","type-page","status-publish","hentry"],"_links":{"self":[{"href":"https:\/\/vom-heidesand.de\/index.php?rest_route=\/wp\/v2\/pages\/117","targetHints":{"allow":["GET"]}}],"collection":[{"href":"https:\/\/vom-heidesand.de\/index.php?rest_route=\/wp\/v2\/pages"}],"about":[{"href":"https:\/\/vom-heidesand.de\/index.php?rest_route=\/wp\/v2\/types\/page"}],"author":[{"embeddable":true,"href":"https:\/\/vom-heidesand.de\/index.php?rest_route=\/wp\/v2\/users\/1"}],"replies":[{"embeddable":true,"href":"https:\/\/vom-heidesand.de\/index.php?rest_route=%2Fwp%2Fv2%2Fcomments&post=117"}],"version-history":[{"count":25,"href":"https:\/\/vom-heidesand.de\/index.php?rest_route=\/wp\/v2\/pages\/117\/revisions"}],"predecessor-version":[{"id":508,"href":"https:\/\/vom-heidesand.de\/index.php?rest_route=\/wp\/v2\/pages\/117\/revisions\/508"}],"wp:attachment":[{"href":"https:\/\/vom-heidesand.de\/index.php?rest_route=%2Fwp%2Fv2%2Fmedia&parent=117"}],"curies":[{"name":"wp","href":"https:\/\/api.w.org\/{rel}","templated":true}]}}