{"id":104,"date":"2019-05-07T17:21:38","date_gmt":"2019-05-07T17:21:38","guid":{"rendered":"http:\/\/vom-heidesand.de\/?page_id=104"},"modified":"2019-05-07T21:04:47","modified_gmt":"2019-05-07T21:04:47","slug":"vor-dem-welpenkauf","status":"publish","type":"page","link":"https:\/\/vom-heidesand.de\/?page_id=104","title":{"rendered":"Bevor Sie sich einen Welpen anschaffen"},"content":{"rendered":"\n<p>Wir als Z\u00fcchter legen gr\u00f6\u00dften Wert darauf, dass unsere Hunde in verantwortungsbewussten H\u00e4nden landen, bitte bedenken Sie daher, was es f\u00fcr hei\u00dft einen Welpen bei sich aufzunehmen.  Sicher haben Sie sich schon sehr viele Gedanken zu diesem Thema gemacht, erlauben Sie uns aber die f\u00fcr uns wichtigsten Punkte nochmals aufzuf\u00fchren.<\/p>\n\n\n\n<p>Haben Sie bedacht, dass Ihr neuer Gef\u00e4hrte nicht selten 14-17 Jahre alt wird?  K\u00f6nnen Sie das mit Ihren Lebensumst\u00e4nden vereinbaren und haben Sie auch in 10 oder 15 Jahren noch ausreichend Zeit f\u00fcr ihn? <\/p>\n\n\n\n<p>F\u00fcr Kinder ist es etwas ganz besonderes mit Hunden aufzuwachsen, sollten Sie den Hund &#8222;f\u00fcr&#8220; Ihr Kind anschaffen, bedenken Sie bitte das auch Ihr Nachwuchs irgendwann fl\u00fcgge wird und das Elternhaus verl\u00e4sst. Manche haben das Gl\u00fcck, den Hund in die neue Umgebung mitnehmen zu k\u00f6nnen. Auf jeden Fall sollten Sie vorher \u00fcberlegt, wer sich im Fall der F\u00e4lle um den Hund k\u00fcmmert.<\/p>\n\n\n\n<p>Stichwort Urlaub. Die M\u00f6glichkeiten mit Hunden in den Urlaub zu fahren werden immer vielf\u00e4ltiger, doch muss man ihn auch nicht \u00fcberall mit hinnehmen. In manchen Urlaubsl\u00e4ndern k\u00f6nnen auch gef\u00e4hrliche Krankheiten auf Ihren Vierbeiner lauern. Bedenken Sie also, wer im Falle Ihrer Abwesenheit sich der kleinen Fellnase annimmt. <\/p>\n\n\n\n<p>Ist die ganze Familie mit der Entscheidung, einen Hund zu kaufen einverstanden? Sind alle sich der Verantwortung bewusst, die dies mit sich bringt? Entspricht die Wohnung den Anspr\u00fcchen, die ein Hundeleben ben\u00f6tigt, haben Sie sogar einen Garten? Ist der Vermieter informiert? Sie werden sich wundern welche Ecken so ein kleiner Dackel erreichen kann. <\/p>\n\n\n\n<p>Sind Sie bereit, die Kosten f\u00fcr tier\u00e4rztliche Versorgung, artgerechte Ern\u00e4hrung, Versicherung, Hundesteuer und Zubeh\u00f6r zu tragen? <\/p>\n\n\n\n<div class=\"wp-block-media-text alignwide has-very-light-gray-background-color\"><figure class=\"wp-block-media-text__media\"><img loading=\"lazy\" decoding=\"async\" width=\"603\" height=\"400\" src=\"http:\/\/vom-heidesand.de\/wp-content\/uploads\/2019\/05\/Hilde.jpg\" alt=\"\" class=\"wp-image-43\" srcset=\"https:\/\/vom-heidesand.de\/wp-content\/uploads\/2019\/05\/Hilde.jpg 603w, https:\/\/vom-heidesand.de\/wp-content\/uploads\/2019\/05\/Hilde-300x199.jpg 300w\" sizes=\"auto, (max-width: 603px) 100vw, 603px\" \/><\/figure><div class=\"wp-block-media-text__content\">\n<p>Sind Sie bereit, t\u00e4glich mehrere Spazierg\u00e4nge zu unternehmen, egal ob es regnet oder schneit, der Wind peitscht oder gerade die Champions League l\u00e4uft?  <\/p>\n<\/div><\/div>\n\n\n\n<p> Sind Sie bereit, angekaute Sofas, Schuhe oder \u00c4hnliches hinzunehmen? Bei uns waren die Flip-Flops im Sommer immer sehr beliebt!<\/p>\n\n\n\n<p>Wenn Sie alles mit <strong>Ja <\/strong>beantworten haben Sie die erste H\u00fcrde gemeistert, nun die Frage, wo kauft man einen Hund und wo ist Vorsicht geboten?<\/p>\n\n\n\n<h2 class=\"wp-block-heading\">Wo sollte man lieber <strong>keinen <\/strong>Hund kaufen?<\/h2>\n\n\n\n<ul class=\"wp-block-list\"><li>Ihnen wird die Mutter der Welpen nicht gezeigt<\/li><li>Sie werden gen\u00f6tigt, sich sofort zu entscheiden<\/li><li>Sie werden nicht ins Haus gelassen und k\u00f6nnen die Wurfkiste\/ den Auslauf nicht begutachten<\/li><li>Die Hunde machen einen ungepflegten Eindruck, haben verklebte Augen <\/li><li>Auf Nachfrage k\u00f6nnen keine offiziellen Papiere (Zuchtzulassungen, Ahnentafeln der Elterntiere usw.) pr\u00e4sentiert werden<\/li><\/ul>\n\n\n\n<p style=\"text-align:center\"><strong>Bitte kaufen Sie niemals einen Hund aus Mitleid! Sie retten damit sicher den einen, aber bezahlen damit die Untaten von dubiosen &#8222;Vermehrern&#8220;.<\/strong><\/p>\n\n\n\n<h2 class=\"wp-block-heading\">Wo kaufe ich <strong>meinen <\/strong>Hund?<\/h2>\n\n\n\n<p>Bei einem Z\u00fcchter der:<\/p>\n\n\n\n<ul class=\"wp-block-list\"><li>Sich an die Zuchtvorschriften seines Verbandes h\u00e4lt<\/li><li>Seine Zuchttiere und die Welpen, sowie seine R\u00e4umlichkeiten regelm\u00e4\u00dfig \u00fcberpr\u00fcfen l\u00e4sst<\/li><li>Ihnen Einblick in die Papiere der Elterntiere gew\u00e4hrt<\/li><li>Ihnen bei Besichtigung den ganzen Wurf zeigt, nat\u00fcrlich mit der Mutter<\/li><li>Der f\u00fcr Sie und Ihre Fragen und Bedenken Zeit hat<\/li><li>Der Ihnen hilft, den f\u00fcr Sie passenden Hund zu identifizieren und auch erkennt, wenn kein passender Welpe dabei ist<\/li><li>Der Ihnen auch die M\u00f6glichkeit gibt, Ihren zuk\u00fcnftigen Gef\u00e4hrten mehrmals vor der Abgabe zu sehen<\/li><li>Der Ihnen auch nach dem Kauf mit Rat und Tat zur Seite steht und sich immer \u00fcber Neuigkeiten seiner Zwerge freut<\/li><\/ul>\n\n\n\n<p><em>\u00a9 Sonja Winkelbauer \u2013 Padma Sambhava Lhasa Apso <\/em><\/p>\n\n\n\n<p><\/p>\n","protected":false},"excerpt":{"rendered":"<p>Wir als Z\u00fcchter legen gr\u00f6\u00dften Wert darauf, dass unsere Hunde in verantwortungsbewussten H\u00e4nden landen, bitte bedenken Sie daher, was es f\u00fcr hei\u00dft einen Welpen bei sich aufzunehmen. Sicher haben Sie sich schon sehr viele Gedanken zu diesem Thema gemacht, erlauben Sie uns aber die f\u00fcr uns wichtigsten Punkte nochmals aufzuf\u00fchren. Haben Sie bedacht, dass Ihr &hellip; <\/p>\n<p class=\"link-more\"><a href=\"https:\/\/vom-heidesand.de\/?page_id=104\" class=\"more-link\"><span class=\"screen-reader-text\">\u201eBevor Sie sich einen Welpen anschaffen\u201c <\/span>weiterlesen<\/a><\/p>\n","protected":false},"author":1,"featured_media":0,"parent":0,"menu_order":0,"comment_status":"closed","ping_status":"closed","template":"","meta":{"footnotes":""},"class_list":["post-104","page","type-page","status-publish","hentry"],"_links":{"self":[{"href":"https:\/\/vom-heidesand.de\/index.php?rest_route=\/wp\/v2\/pages\/104","targetHints":{"allow":["GET"]}}],"collection":[{"href":"https:\/\/vom-heidesand.de\/index.php?rest_route=\/wp\/v2\/pages"}],"about":[{"href":"https:\/\/vom-heidesand.de\/index.php?rest_route=\/wp\/v2\/types\/page"}],"author":[{"embeddable":true,"href":"https:\/\/vom-heidesand.de\/index.php?rest_route=\/wp\/v2\/users\/1"}],"replies":[{"embeddable":true,"href":"https:\/\/vom-heidesand.de\/index.php?rest_route=%2Fwp%2Fv2%2Fcomments&post=104"}],"version-history":[{"count":14,"href":"https:\/\/vom-heidesand.de\/index.php?rest_route=\/wp\/v2\/pages\/104\/revisions"}],"predecessor-version":[{"id":126,"href":"https:\/\/vom-heidesand.de\/index.php?rest_route=\/wp\/v2\/pages\/104\/revisions\/126"}],"wp:attachment":[{"href":"https:\/\/vom-heidesand.de\/index.php?rest_route=%2Fwp%2Fv2%2Fmedia&parent=104"}],"curies":[{"name":"wp","href":"https:\/\/api.w.org\/{rel}","templated":true}]}}