{"id":78,"date":"2019-05-05T15:47:41","date_gmt":"2019-05-05T15:47:41","guid":{"rendered":"http:\/\/vom-heidesand.de\/?page_id=78"},"modified":"2019-05-05T16:01:49","modified_gmt":"2019-05-05T16:01:49","slug":"cookie-richtlinie","status":"publish","type":"page","link":"http:\/\/vom-heidesand.de\/?page_id=78","title":{"rendered":"Cookie-Richtlinie"},"content":{"rendered":"\n<p>Cookie Policy<br>\nMit dieser Cookie Richtlinie informiert der Website-Betreiber den Nutzer der Website \u00fcber den Einsatz von Cookies oder \u00e4hnlichen Speichertechnologien (nachfolgend \u201eCookies\u201c) auf dieser Website.<\/p>\n\n\n\n<p>Was sind Cookies?<br>\nCookies sind kleine Textdateien, die vom Webbrowser auf dem Endger\u00e4t des Nutzers zur Speicherung von bestimmten Informationen abgelegt werden. Beim n\u00e4chsten Aufruf unserer Website mit demselben Endger\u00e4t werden die in Cookies gespeicherten Informationen an unsere Website (\u201eFirst Party Cookie\u201c) oder eine andere Website, zu der das Cookie geh\u00f6rt (\u201eThird Party Cookie\u201c), zur\u00fcckgesandt.<\/p>\n\n\n\n<p>Durch die im Cookie gespeicherten und zur\u00fcckgesandten Informationen erkennt die jeweilige Website, dass der Nutzer diese mit dem Webbrowser seines Endger\u00e4ts bereits aufgerufen und besucht hat. Diese Informationen nutzen wir, um dem Nutzer die Website gem\u00e4\u00df seinen Pr\u00e4ferenzen optimal anzeigen zu k\u00f6nnen.<\/p>\n\n\n\n<p>Es wird hierbei aber nur das Cookie selbst auf dem Endger\u00e4t identifiziert. Eine dar\u00fcber hinausgehende Speicherung von personenbezogenen Daten erfolgt nur, wenn der Nutzer uns seine ausdr\u00fcckliche Zustimmung daf\u00fcr gibt oder wenn diese Speicherung unbedingt erforderlich ist, um den angebotenen und aufgerufenen Dienst nutzen zu k\u00f6nnen.<\/p>\n\n\n\n<p>Zustimmung zur Verwendung von Cookies<br>\nCookies, die nicht unbedingt erforderlich sind, um die Dienste auf dieser Website zur Verf\u00fcgung zu stellen, werden erst nach der Einwilligung verwendet. Indem der Nutzer diese Website nach dem Einblenden des Cookie-Banners aktiv weiter nutzt, willigt er in die Verwendung von Cookies ein.<\/p>\n\n\n\n<p>Seine Cookie Einstellungen kann der Nutzer jederzeit individuell anpassen, indem er zum Beispiel einzelne Cookie-Kategorien aktiviert oder deaktiviert.<\/p>\n\n\n\n<p>Wie der Nutzer Cookies generell (inklusive der unbedingt erforderlichen Cookies) in seinem Browser deaktivieren oder l\u00f6schen kann, wird unter dem Punkt &#8222;Deaktivierung oder L\u00f6schung s\u00e4mtlicher Cookies&#8220; beschrieben.<\/p>\n\n\n\n<p>Kategorien der verwendeten Cookies<br>\nJe nach Verwendungszweck und Funktion unterteilen wir die von der Website verwendeten Cookies in die folgenden Kategorien:<\/p>\n\n\n\n<p>Unbedingt erforderliche Cookies;<br>\nFunktionale-Cookies;<br>\nPerformance-Cookies;<br>\nMarketing- \/ Third Party- \/ Zustimmungspflichtige-Cookies<br>\nUnbedingt erforderliche Cookies<br>\nUnbedingt erforderliche Cookies sorgen daf\u00fcr, dass diese Website, beziehungsweise der Dienst, ordnungsgem\u00e4\u00df funktioniert. Das hei\u00dft, ohne diese Cookies ist diese Website, beziehungsweise der Dienst, nicht wie vorgesehen nutzbar. Diese Art von Cookies wird ausschlie\u00dflich von dem Betreiber der Website verwendet (First Party Cookies) und s\u00e4mtliche Informationen, die in den Cookies gespeichert sind, werden nur an diese Website gesendet.<\/p>\n\n\n\n<p>Auf unserer Webseite kommen folgende unbedingt erforderlichen Cookies zum Einsatz:<\/p>\n\n\n\n<p>Name    Zweck   Laufzeit<br>\nckies_functional    Opt-out f\u00fcr Functional Cookies  1 Jahr<br>\nckies_performance    Opt-out f\u00fcr Performance Cookies 1 Jahr<br>\nckies_marketing    Opt-out f\u00fcr Marketing-\/Third Party-\/Zustimmungspflichtige-Cookies   1 Jahr<br>\nDie Nutzung von unbedingt erforderlichen Cookies auf dieser Website ist ohne die Einwilligung des Nutzers m\u00f6glich. Aus diesem Grund k\u00f6nnen unbedingt erforderliche Cookies auch nicht einzeln deaktiviert bzw. aktiviert werden. Diese Funktion steht nur bei einwilligungspflichtigen Cookies, also den Funktionalen Cookies, den Performance-Cookies und den Marketing- \/ Third Party- \/ Zustimmungspflichtige-Cookies, zur Verf\u00fcgung. Der Nutzer hat allerdings jederzeit die M\u00f6glichkeit, Cookies generell in seinem Browser zu deaktivieren (siehe Punkt &#8222;Deaktivierung oder L\u00f6schung s\u00e4mtlicher Cookies&#8220;).<\/p>\n\n\n\n<p>Die Rechtsgrundlage f\u00fcr die Nutzung der First Party Cookies ist ein berechtigtes Interesse (d. h. Interesse an der Analyse, Optimierung und dem wirtschaftlichen Betrieb dieser Website und Leistungen) im Sinne des Art. 6 Abs. 1 S. 1 lit. f DSGVO.<\/p>\n\n\n\n<p>Funktionale Cookies<br>\nFunktionale Cookies erm\u00f6glichen dieser Webseite, get\u00e4tigte Angaben, wie z. B. den Benutzernamen oder die Sprachauswahl, zu speichern und dem Nutzer darauf basierend verbesserte und personalisierte Funktionen anzubieten. Diese Cookies sammeln und speichern ausschlie\u00dflich anonymisierte Informationen.<\/p>\n\n\n\n<p>Auf unserer Webseite kommen folgende Funktionale Cookies zum Einsatz:<\/p>\n\n\n\n<p>Name    Zweck   Laufzeit<br>\ncookielaw    Wurde das Cookie Banner angeklickt  1 Jahr<br>\nshd    Wird gesetzt wenn der Nutzer sich auf seiner Jimdo-Seite anmeldet   1 Jahr<br>\nhas_close_teaser    Zeigt an, ob der User einen Teaser geschlossen hat, damit dieser nicht erneut angezeigt wird    Session<br>\nDer Nutzer kann der Verwendung von Funktionalen Cookies jederzeit widersprechen, indem er seine Cookie Einstellungen entsprechend anpasst.<\/p>\n\n\n\n<p>Die Rechtsgrundlage f\u00fcr die Nutzung der Funktionalen-Cookies ist ein berechtigtes Interesse (d. h. Interesse an der Analyse, Optimierung und dem wirtschaftlichen Betrieb dieser Website und Leistungen) im Sinne des Art. 6 Abs. 1 S. 1 lit. f DSGVO.<\/p>\n\n\n\n<p>Performance Cookies<br>\nPerformance Cookies sammeln Informationen dar\u00fcber, wie unsere Webseiten genutzt werden, um darauf basierend deren Attraktivit\u00e4t, Inhalt und Funktionalit\u00e4t zu verbessern. Diese Cookies helfen uns beispielsweise festzustellen, ob und welche Unterseiten unserer Webseite besucht werden und f\u00fcr welche Inhalte sich die Nutzer besonders interessieren. Wir erfassen die Anzahl der Zugriffe auf eine Seite, die Anzahl der aufgerufenen Unterseiten, die auf unserer Webseite verbrachte Zeit, die Reihenfolge der besuchten Seiten, welche Suchbegriffe unsere Nutzer zu uns gef\u00fchrt haben, das Land, die Region und gegebenenfalls die Stadt aus der der Zugriff erfolgt, sowie den Anteil von mobilen Endger\u00e4ten, die auf unsere Webseiten zugreifen. Die aus technischen Gr\u00fcnden \u00fcbermittelte IP-Adresse eines Rechners wird automatisch anonymisiert und erm\u00f6glicht uns keinen R\u00fcckschluss auf den einzelnen Nutzer.<\/p>\n\n\n\n<p>Der Nutzer der Website hat auch das Recht, aus Gr\u00fcnden, die sich aus seiner besonderen Situation ergeben, bei der Verarbeitung ihn betreffender personenbezogener Daten, die zu statistischen Zwecken gem. Art. 89 Abs. 1 DSGVO erfolgt, zu widersprechen. Zur Wahrnehmung dieser und anderer Betroffenenrechte, kann sich ein Betroffener jederzeit an die im Impressum beziehungsweise in der Datenschutzerkl\u00e4rung angegebene Kontaktadresse wenden.<\/p>\n\n\n\n<p>Auf unserer Webseite kommen folgende Performance Cookies zum Einsatz:<\/p>\n\n\n\n<p>Name    Zweck   Laufzeit<br>\nDer Nutzer der Website kann der Verwendung von Performance-Cookies jederzeit widersprechen, indem er seine Cookie Einstellungen entsprechend anpasst.<\/p>\n\n\n\n<p>Die Rechtsgrundlage f\u00fcr die Nutzung der Performance-Cookies ist ein berechtigtes Interesse (d. h. Interesse an der Analyse, Optimierung und dem wirtschaftlichen Betrieb unserer Webseite und Leistungen) im Sinne des Art. 6 Abs. 1 S. 1 lit. f DSGVO .<\/p>\n\n\n\n<p>Marketing- \/ Third Party- \/ Zustimmungspflichtige-Cookies<br>\nMarketing- \/ Third Party- \/ Zustimmungspflichtige-Cookies stammen unter anderem von externen Werbeunternehmen und werden verwendet, um Informationen \u00fcber die vom Nutzer besuchten Websites zu sammeln, um z. B. zielgruppenorientierte Werbung f\u00fcr den Benutzer zu erstellen.<\/p>\n\n\n\n<p>Auf unserer Webseite kommen folgende Marketing- \/ Third Party- \/ Zustimmungspflichtige-Cookies zum Einsatz:<\/p>\n\n\n\n<p>Name    Zweck   Laufzeit<br>\nDer Nutzer kann der Verwendung von Marketing-Cookies jederzeit widersprechen, indem er seine Cookie Einstellungen entsprechend anpasst.<\/p>\n\n\n\n<p>Aufgrund der oben beschriebenen Verwendungszwecke liegt die Rechtsgrundlage f\u00fcr die Verarbeitung personenbezogener Daten unter Verwendung von Cookies in Art. 6 Abs. 1 lit. f DSGVO. Falls der Nutzer auf Grundlage eines von uns auf der Website erteilten Hinweises (\u201eCookie-Banner\u201c) eine Einwilligung zur Verwendung von Cookies erteilt hat, richtet sich die Rechtm\u00e4\u00dfigkeit der Verwendung zus\u00e4tzlich nach Art. 6 Abs. 1 S. 1 lit. a DSGVO.<\/p>\n\n\n\n<p>Deaktivierung oder L\u00f6schung s\u00e4mtlicher Cookies<br>\nDer Nutzer kann seinen Webbrowser so einstellen, dass das Speichern von Cookies auf seinem Endger\u00e4t generell verhindert wird beziehungsweise er jedes Mal gefragt wird, ob er mit dem Setzen von Cookies einverstanden ist. Einmal gesetzte Cookies kann der Nutzer jederzeit wieder l\u00f6schen. Wie das Ganze funktioniert, wird in Hilfe-Funktion des jeweiligen Webbrowsers beschrieben.<\/p>\n\n\n\n<p>Eine generelle Deaktivierung von Cookies kann gegebenenfalls zu Funktionseinschr\u00e4nkungen dieser Website f\u00fchren.<\/p>\n","protected":false},"excerpt":{"rendered":"<p>Cookie Policy Mit dieser Cookie Richtlinie informiert der Website-Betreiber den Nutzer der Website \u00fcber den Einsatz von Cookies oder \u00e4hnlichen Speichertechnologien (nachfolgend \u201eCookies\u201c) auf dieser Website. Was sind Cookies? Cookies sind kleine Textdateien, die vom Webbrowser auf dem Endger\u00e4t des Nutzers zur Speicherung von bestimmten Informationen abgelegt werden. Beim n\u00e4chsten Aufruf unserer Website mit demselben &hellip; <\/p>\n<p class=\"link-more\"><a href=\"http:\/\/vom-heidesand.de\/?page_id=78\" class=\"more-link\"><span class=\"screen-reader-text\">\u201eCookie-Richtlinie\u201c <\/span>weiterlesen<\/a><\/p>\n","protected":false},"author":1,"featured_media":0,"parent":0,"menu_order":0,"comment_status":"closed","ping_status":"closed","template":"","meta":{"footnotes":""},"class_list":["post-78","page","type-page","status-publish","hentry"],"_links":{"self":[{"href":"http:\/\/vom-heidesand.de\/index.php?rest_route=\/wp\/v2\/pages\/78","targetHints":{"allow":["GET"]}}],"collection":[{"href":"http:\/\/vom-heidesand.de\/index.php?rest_route=\/wp\/v2\/pages"}],"about":[{"href":"http:\/\/vom-heidesand.de\/index.php?rest_route=\/wp\/v2\/types\/page"}],"author":[{"embeddable":true,"href":"http:\/\/vom-heidesand.de\/index.php?rest_route=\/wp\/v2\/users\/1"}],"replies":[{"embeddable":true,"href":"http:\/\/vom-heidesand.de\/index.php?rest_route=%2Fwp%2Fv2%2Fcomments&post=78"}],"version-history":[{"count":2,"href":"http:\/\/vom-heidesand.de\/index.php?rest_route=\/wp\/v2\/pages\/78\/revisions"}],"predecessor-version":[{"id":88,"href":"http:\/\/vom-heidesand.de\/index.php?rest_route=\/wp\/v2\/pages\/78\/revisions\/88"}],"wp:attachment":[{"href":"http:\/\/vom-heidesand.de\/index.php?rest_route=%2Fwp%2Fv2%2Fmedia&parent=78"}],"curies":[{"name":"wp","href":"https:\/\/api.w.org\/{rel}","templated":true}]}}