{"id":12,"date":"2019-05-01T19:43:22","date_gmt":"2019-05-01T19:43:22","guid":{"rendered":"http:\/\/vom-heidesand.de\/?page_id=12"},"modified":"2020-07-21T18:08:03","modified_gmt":"2020-07-21T18:08:03","slug":"ueber-uns","status":"publish","type":"page","link":"http:\/\/vom-heidesand.de\/?page_id=12","title":{"rendered":"\u00dcber Uns"},"content":{"rendered":"\n<div class=\"wp-block-image\"><figure class=\"aligncenter is-resized\"><img loading=\"lazy\" decoding=\"async\" src=\"http:\/\/vom-heidesand.de\/wp-content\/uploads\/2019\/06\/2018_10_03-213-1-1024x683.jpg\" alt=\"\" class=\"wp-image-261\" width=\"458\" height=\"305\" srcset=\"http:\/\/vom-heidesand.de\/wp-content\/uploads\/2019\/06\/2018_10_03-213-1-1024x683.jpg 1024w, http:\/\/vom-heidesand.de\/wp-content\/uploads\/2019\/06\/2018_10_03-213-1-300x200.jpg 300w, http:\/\/vom-heidesand.de\/wp-content\/uploads\/2019\/06\/2018_10_03-213-1-768x512.jpg 768w\" sizes=\"auto, (max-width: 458px) 100vw, 458px\" \/><\/figure><\/div>\n\n\n\n<p>Wir, das sind Raphaela und Felix Ehrich. Seit 2015 wohnen wir im sch\u00f6nen s\u00fcdlichen Heidekreis, sehr l\u00e4ndlich mit Blick auf die Pferdeweiden an der Aller.  Wir haben uns im Studium in Hannover kennen und lieben gelernt. Wir sind Tier\u00e4rzte, Felix arbeitet als Zootierarzt und Raphaela an der Tier\u00e4rztlichen Hochschule Hannover.   <\/p>\n\n\n\n<p>Raphaela ist seit Anfang des Jahres 2019 auch in eigener Praxis niedergelassen. Sie konzentriert sich ausschlie\u00dflich auf die osteopathische Medizin bei Pferden und Hunden.   <\/p>\n\n\n\n<p>Felix ist passionierter J\u00e4ger und Falkner, Raphaela ist ebenfalls J\u00e4gerin, wobei auch die klassische Reiterei einen hohen Stellenwert f\u00fcr sie hat. <\/p>\n\n\n\n<div class=\"wp-block-columns has-2-columns is-layout-flex wp-container-core-columns-is-layout-9d6595d7 wp-block-columns-is-layout-flex\">\n<div class=\"wp-block-column is-layout-flow wp-block-column-is-layout-flow\">\n<p><\/p>\n<\/div>\n\n\n\n<div class=\"wp-block-column is-layout-flow wp-block-column-is-layout-flow\">\n<p><\/p>\n<\/div>\n<\/div>\n\n\n\n<div class=\"wp-block-columns has-2-columns is-layout-flex wp-container-core-columns-is-layout-9d6595d7 wp-block-columns-is-layout-flex\">\n<div class=\"wp-block-column is-layout-flow wp-block-column-is-layout-flow\">\n<figure class=\"wp-block-image is-resized\"><img loading=\"lazy\" decoding=\"async\" src=\"http:\/\/vom-heidesand.de\/wp-content\/uploads\/2019\/05\/03-24-Edition-Freiarbeit-Zirkus-127-1024x817.jpg\" alt=\"\" class=\"wp-image-154\" width=\"289\" height=\"230\" srcset=\"http:\/\/vom-heidesand.de\/wp-content\/uploads\/2019\/05\/03-24-Edition-Freiarbeit-Zirkus-127-1024x817.jpg 1024w, http:\/\/vom-heidesand.de\/wp-content\/uploads\/2019\/05\/03-24-Edition-Freiarbeit-Zirkus-127-300x239.jpg 300w, http:\/\/vom-heidesand.de\/wp-content\/uploads\/2019\/05\/03-24-Edition-Freiarbeit-Zirkus-127-768x613.jpg 768w\" sizes=\"auto, (max-width: 289px) 100vw, 289px\" \/><\/figure>\n<\/div>\n\n\n\n<div class=\"wp-block-column is-layout-flow wp-block-column-is-layout-flow\">\n<figure class=\"wp-block-image\"><img loading=\"lazy\" decoding=\"async\" width=\"800\" height=\"600\" src=\"http:\/\/vom-heidesand.de\/wp-content\/uploads\/2019\/05\/IMG-20150217-WA0008.jpg\" alt=\"\" class=\"wp-image-153\" srcset=\"http:\/\/vom-heidesand.de\/wp-content\/uploads\/2019\/05\/IMG-20150217-WA0008.jpg 800w, http:\/\/vom-heidesand.de\/wp-content\/uploads\/2019\/05\/IMG-20150217-WA0008-300x225.jpg 300w, http:\/\/vom-heidesand.de\/wp-content\/uploads\/2019\/05\/IMG-20150217-WA0008-768x576.jpg 768w\" sizes=\"auto, (max-width: 767px) 89vw, (max-width: 1000px) 54vw, (max-width: 1071px) 543px, 580px\" \/><\/figure>\n\n\n\n<p><\/p>\n<\/div>\n<\/div>\n\n\n\n<div class=\"wp-block-columns has-2-columns is-layout-flex wp-container-core-columns-is-layout-9d6595d7 wp-block-columns-is-layout-flex\">\n<div class=\"wp-block-column is-layout-flow wp-block-column-is-layout-flow\">\n<figure class=\"wp-block-image\"><img loading=\"lazy\" decoding=\"async\" width=\"300\" height=\"169\" src=\"http:\/\/vom-heidesand.de\/wp-content\/uploads\/2019\/05\/DSC_0070-300x169.jpg\" alt=\"\" class=\"wp-image-158\" srcset=\"http:\/\/vom-heidesand.de\/wp-content\/uploads\/2019\/05\/DSC_0070-300x169.jpg 300w, http:\/\/vom-heidesand.de\/wp-content\/uploads\/2019\/05\/DSC_0070-768x432.jpg 768w, http:\/\/vom-heidesand.de\/wp-content\/uploads\/2019\/05\/DSC_0070-1024x576.jpg 1024w\" sizes=\"auto, (max-width: 300px) 100vw, 300px\" \/><\/figure>\n\n\n\n<figure class=\"wp-block-image size-large\"><img loading=\"lazy\" decoding=\"async\" width=\"1024\" height=\"768\" src=\"http:\/\/vom-heidesand.de\/wp-content\/uploads\/2020\/06\/04-2020-Gretchten-Schwei\u00df-6-1024x768.jpeg\" alt=\"\" class=\"wp-image-414\" srcset=\"http:\/\/vom-heidesand.de\/wp-content\/uploads\/2020\/06\/04-2020-Gretchten-Schwei\u00df-6-1024x768.jpeg 1024w, http:\/\/vom-heidesand.de\/wp-content\/uploads\/2020\/06\/04-2020-Gretchten-Schwei\u00df-6-300x225.jpeg 300w, http:\/\/vom-heidesand.de\/wp-content\/uploads\/2020\/06\/04-2020-Gretchten-Schwei\u00df-6-768x576.jpeg 768w, http:\/\/vom-heidesand.de\/wp-content\/uploads\/2020\/06\/04-2020-Gretchten-Schwei\u00df-6-1536x1152.jpeg 1536w, http:\/\/vom-heidesand.de\/wp-content\/uploads\/2020\/06\/04-2020-Gretchten-Schwei\u00df-6.jpeg 1600w\" sizes=\"auto, (max-width: 767px) 89vw, (max-width: 1000px) 54vw, (max-width: 1071px) 543px, 580px\" \/><\/figure>\n\n\n\n<figure class=\"wp-block-image size-large\"><img loading=\"lazy\" decoding=\"async\" width=\"1024\" height=\"576\" src=\"http:\/\/vom-heidesand.de\/wp-content\/uploads\/2020\/06\/IMG_1886-1-1024x576.jpg\" alt=\"\" class=\"wp-image-413\" srcset=\"http:\/\/vom-heidesand.de\/wp-content\/uploads\/2020\/06\/IMG_1886-1-1024x576.jpg 1024w, http:\/\/vom-heidesand.de\/wp-content\/uploads\/2020\/06\/IMG_1886-1-300x169.jpg 300w, http:\/\/vom-heidesand.de\/wp-content\/uploads\/2020\/06\/IMG_1886-1-768x432.jpg 768w, http:\/\/vom-heidesand.de\/wp-content\/uploads\/2020\/06\/IMG_1886-1-1536x864.jpg 1536w, http:\/\/vom-heidesand.de\/wp-content\/uploads\/2020\/06\/IMG_1886-1.jpg 1599w\" sizes=\"auto, (max-width: 767px) 89vw, (max-width: 1000px) 54vw, (max-width: 1071px) 543px, 580px\" \/><\/figure>\n\n\n\n<div class=\"wp-block-columns has-2-columns is-layout-flex wp-container-core-columns-is-layout-9d6595d7 wp-block-columns-is-layout-flex\">\n<div class=\"wp-block-column is-layout-flow wp-block-column-is-layout-flow\"><\/div>\n\n\n\n<div class=\"wp-block-column is-layout-flow wp-block-column-is-layout-flow\"><\/div>\n<\/div>\n<\/div>\n\n\n\n<div class=\"wp-block-column is-layout-flow wp-block-column-is-layout-flow\">\n<figure class=\"wp-block-image\"><img loading=\"lazy\" decoding=\"async\" width=\"418\" height=\"546\" src=\"http:\/\/vom-heidesand.de\/wp-content\/uploads\/2019\/05\/Hilde-mit-Ente.jpg\" alt=\"\" class=\"wp-image-157\" srcset=\"http:\/\/vom-heidesand.de\/wp-content\/uploads\/2019\/05\/Hilde-mit-Ente.jpg 418w, http:\/\/vom-heidesand.de\/wp-content\/uploads\/2019\/05\/Hilde-mit-Ente-230x300.jpg 230w\" sizes=\"auto, (max-width: 418px) 100vw, 418px\" \/><\/figure>\n\n\n\n<figure class=\"wp-block-image size-large\"><img loading=\"lazy\" decoding=\"async\" width=\"1024\" height=\"768\" src=\"http:\/\/vom-heidesand.de\/wp-content\/uploads\/2020\/06\/DSC00446-1024x768.jpg\" alt=\"\" class=\"wp-image-411\" srcset=\"http:\/\/vom-heidesand.de\/wp-content\/uploads\/2020\/06\/DSC00446-1024x768.jpg 1024w, http:\/\/vom-heidesand.de\/wp-content\/uploads\/2020\/06\/DSC00446-300x225.jpg 300w, http:\/\/vom-heidesand.de\/wp-content\/uploads\/2020\/06\/DSC00446-768x576.jpg 768w, http:\/\/vom-heidesand.de\/wp-content\/uploads\/2020\/06\/DSC00446-1536x1152.jpg 1536w, http:\/\/vom-heidesand.de\/wp-content\/uploads\/2020\/06\/DSC00446-2048x1536.jpg 2048w\" sizes=\"auto, (max-width: 767px) 89vw, (max-width: 1000px) 54vw, (max-width: 1071px) 543px, 580px\" \/><\/figure>\n<\/div>\n<\/div>\n\n\n\n<h2 class=\"wp-block-heading\">Vom Heidesand?<\/h2>\n\n\n\n<p>Viele denken bei Heidesand eher an leckere Pl\u00e4tzchen als an Dackelzwerge. Warum also dieser Name?<\/p>\n\n\n\n<p>Da wir in der Heide unser Zuhause gefunden haben, findet sich dies auch in unserem Zwingernamen wieder. Den &#8222;Sand&#8220; hat Hilde mitgebracht. Sie stammt aus dem Zwinger <a rel=\"noreferrer noopener\" aria-label=\" (\u00f6ffnet in neuem Tab)\" href=\"https:\/\/www.vom-sandwall.de\/\" target=\"_blank\">&#8222;vom Sandwall&#8220;<\/a>  aus Soest.  Au\u00dferdem bietet  sich der &#8222;Heidesand&#8220;  bestens f\u00fcr ausgiebige Buddelvergn\u00fcgen unserer Dackel an und findet sich daher auch oft bei uns im Haus wieder. <\/p>\n","protected":false},"excerpt":{"rendered":"<p>Wir, das sind Raphaela und Felix Ehrich. Seit 2015 wohnen wir im sch\u00f6nen s\u00fcdlichen Heidekreis, sehr l\u00e4ndlich mit Blick auf die Pferdeweiden an der Aller. Wir haben uns im Studium in Hannover kennen und lieben gelernt. Wir sind Tier\u00e4rzte, Felix arbeitet als Zootierarzt und Raphaela an der Tier\u00e4rztlichen Hochschule Hannover. Raphaela ist seit Anfang des &hellip; <\/p>\n<p class=\"link-more\"><a href=\"http:\/\/vom-heidesand.de\/?page_id=12\" class=\"more-link\"><span class=\"screen-reader-text\">\u201e\u00dcber Uns\u201c <\/span>weiterlesen<\/a><\/p>\n","protected":false},"author":1,"featured_media":0,"parent":0,"menu_order":0,"comment_status":"closed","ping_status":"closed","template":"","meta":{"footnotes":""},"class_list":["post-12","page","type-page","status-publish","hentry"],"_links":{"self":[{"href":"http:\/\/vom-heidesand.de\/index.php?rest_route=\/wp\/v2\/pages\/12","targetHints":{"allow":["GET"]}}],"collection":[{"href":"http:\/\/vom-heidesand.de\/index.php?rest_route=\/wp\/v2\/pages"}],"about":[{"href":"http:\/\/vom-heidesand.de\/index.php?rest_route=\/wp\/v2\/types\/page"}],"author":[{"embeddable":true,"href":"http:\/\/vom-heidesand.de\/index.php?rest_route=\/wp\/v2\/users\/1"}],"replies":[{"embeddable":true,"href":"http:\/\/vom-heidesand.de\/index.php?rest_route=%2Fwp%2Fv2%2Fcomments&post=12"}],"version-history":[{"count":18,"href":"http:\/\/vom-heidesand.de\/index.php?rest_route=\/wp\/v2\/pages\/12\/revisions"}],"predecessor-version":[{"id":444,"href":"http:\/\/vom-heidesand.de\/index.php?rest_route=\/wp\/v2\/pages\/12\/revisions\/444"}],"wp:attachment":[{"href":"http:\/\/vom-heidesand.de\/index.php?rest_route=%2Fwp%2Fv2%2Fmedia&parent=12"}],"curies":[{"name":"wp","href":"https:\/\/api.w.org\/{rel}","templated":true}]}}